{"id":107,"date":"2014-03-18T22:10:33","date_gmt":"2014-03-18T22:10:33","guid":{"rendered":"http:\/\/www.sundinrevision.se\/wordpress\/?page_id=107"},"modified":"2014-03-20T21:15:33","modified_gmt":"2014-03-20T21:15:33","slug":"bolagsarenden","status":"publish","type":"page","link":"http:\/\/www.sundinrevision.se\/?page_id=107","title":{"rendered":"Bolags\u00e4renden"},"content":{"rendered":"<p>Nybildnings-, \u00e4ndrings- samt avvecklings-\/avregistrerings\u00e4renden f\u00f6r samtliga f\u00f6retagsformer. F\u00f6rmedling av \u00e4renden g\u00e4llande k\u00f6p av s.k. lagerbolag samt snabbavveckling av aktiebolag.<\/p>\n","protected":false},"excerpt":{"rendered":"<p>Nybildnings-, \u00e4ndrings- samt avvecklings-\/avregistrerings\u00e4renden f\u00f6r samtliga f\u00f6retagsformer. F\u00f6rmedling av \u00e4renden g\u00e4llande k\u00f6p av s.k. lagerbolag samt snabbavveckling av aktiebolag.<\/p>\n","protected":false},"author":2,"featured_media":0,"parent":10,"menu_order":0,"comment_status":"closed","ping_status":"closed","template":"","meta":{"footnotes":""},"class_list":["post-107","page","type-page","status-publish","hentry"],"_links":{"self":[{"href":"http:\/\/www.sundinrevision.se\/index.php?rest_route=\/wp\/v2\/pages\/107","targetHints":{"allow":["GET"]}}],"collection":[{"href":"http:\/\/www.sundinrevision.se\/index.php?rest_route=\/wp\/v2\/pages"}],"about":[{"href":"http:\/\/www.sundinrevision.se\/index.php?rest_route=\/wp\/v2\/types\/page"}],"author":[{"embeddable":true,"href":"http:\/\/www.sundinrevision.se\/index.php?rest_route=\/wp\/v2\/users\/2"}],"replies":[{"embeddable":true,"href":"http:\/\/www.sundinrevision.se\/index.php?rest_route=%2Fwp%2Fv2%2Fcomments&post=107"}],"version-history":[{"count":3,"href":"http:\/\/www.sundinrevision.se\/index.php?rest_route=\/wp\/v2\/pages\/107\/revisions"}],"predecessor-version":[{"id":125,"href":"http:\/\/www.sundinrevision.se\/index.php?rest_route=\/wp\/v2\/pages\/107\/revisions\/125"}],"up":[{"embeddable":true,"href":"http:\/\/www.sundinrevision.se\/index.php?rest_route=\/wp\/v2\/pages\/10"}],"wp:attachment":[{"href":"http:\/\/www.sundinrevision.se\/index.php?rest_route=%2Fwp%2Fv2%2Fmedia&parent=107"}],"curies":[{"name":"wp","href":"https:\/\/api.w.org\/{rel}","templated":true}]}}