{"id":12,"date":"2014-02-12T21:43:49","date_gmt":"2014-02-12T21:43:49","guid":{"rendered":"http:\/\/www.sundinrevision.se\/wordpress\/?page_id=12"},"modified":"2014-03-24T17:51:50","modified_gmt":"2014-03-24T17:51:50","slug":"start","status":"publish","type":"page","link":"https:\/\/www.sundinrevision.se\/","title":{"rendered":"V\u00e4lkommen!"},"content":{"rendered":"<p>Jag, Ulf Sundin,\u00a0\u00e4r \u00e4gare till ett f\u00f6retag som \u00e4r verksamt inom revisionsbyr\u00e5branschen, i vilken jag varit verksam i sedan september 1990. Jag \u00e4r auktoriserad revisor sedan juli 1996 och medlem i branschorganisationen FAR.<\/p>\n<p>Min ambition \u00e4r att kunna erbjuda mina kunder, i f\u00f6rsta hand \u00e4garledda f\u00f6retag, den mindre byr\u00e5ns personliga bem\u00f6tande, tillg\u00e4nglighet, p\u00e5litlighet, trygghet och engagemang, med den stora byr\u00e5ns erfarenhet och kunskap. Jag tror att mitt f\u00f6retags \u201dlitenhet\u201d g\u00f6r att mina tj\u00e4nster h\u00e5ller en j\u00e4mf\u00f6relsevis j\u00e4mn och h\u00f6g standard. Som kund f\u00e5r du d\u00e4rmed ta del av min breda kunskap och gedigna erfarenhet inom revisions-, redovisnings- samt skatteomr\u00e5det.<\/p>\n","protected":false},"excerpt":{"rendered":"<p>Jag, Ulf Sundin,\u00a0\u00e4r \u00e4gare till ett f\u00f6retag som \u00e4r verksamt inom revisionsbyr\u00e5branschen, i vilken jag varit verksam i sedan september 1990. Jag \u00e4r auktoriserad revisor sedan juli 1996 och medlem i branschorganisationen FAR. Min ambition \u00e4r att kunna erbjuda mina&hellip; <\/p>\n","protected":false},"author":1,"featured_media":0,"parent":0,"menu_order":1,"comment_status":"closed","ping_status":"closed","template":"","meta":{"footnotes":""},"class_list":["post-12","page","type-page","status-publish","hentry"],"_links":{"self":[{"href":"https:\/\/www.sundinrevision.se\/index.php?rest_route=\/wp\/v2\/pages\/12","targetHints":{"allow":["GET"]}}],"collection":[{"href":"https:\/\/www.sundinrevision.se\/index.php?rest_route=\/wp\/v2\/pages"}],"about":[{"href":"https:\/\/www.sundinrevision.se\/index.php?rest_route=\/wp\/v2\/types\/page"}],"author":[{"embeddable":true,"href":"https:\/\/www.sundinrevision.se\/index.php?rest_route=\/wp\/v2\/users\/1"}],"replies":[{"embeddable":true,"href":"https:\/\/www.sundinrevision.se\/index.php?rest_route=%2Fwp%2Fv2%2Fcomments&post=12"}],"version-history":[{"count":16,"href":"https:\/\/www.sundinrevision.se\/index.php?rest_route=\/wp\/v2\/pages\/12\/revisions"}],"predecessor-version":[{"id":141,"href":"https:\/\/www.sundinrevision.se\/index.php?rest_route=\/wp\/v2\/pages\/12\/revisions\/141"}],"wp:attachment":[{"href":"https:\/\/www.sundinrevision.se\/index.php?rest_route=%2Fwp%2Fv2%2Fmedia&parent=12"}],"curies":[{"name":"wp","href":"https:\/\/api.w.org\/{rel}","templated":true}]}}