{"id":46,"date":"2014-02-12T22:32:45","date_gmt":"2014-02-12T22:32:45","guid":{"rendered":"http:\/\/www.sundinrevision.se\/wordpress\/?page_id=46"},"modified":"2015-02-01T13:09:09","modified_gmt":"2015-02-01T13:09:09","slug":"kontakt","status":"publish","type":"page","link":"https:\/\/www.sundinrevision.se\/?page_id=46","title":{"rendered":"Kontakt"},"content":{"rendered":"<p>Ulf Sundin<br \/>\nUlf Sundin Revisionsbyr\u00e5 AB<br \/>\nHospitalstorget 2 A<br \/>\n582 27 Link\u00f6ping<br \/>\nTel: +46 (0)13 480 07 00<br \/>\n<a href=\"mailto:info@sundinrevision.se\">info@sundinrevision.se<\/a><br \/>\nMobil: +46 (0)709 32 31 49<\/p>\n<p><script type=\"text\/javascript\" language=\"JavaScript\">\/\/ <![CDATA[\nfunction MailingListValidation(SubscriberForm){\nvar counter = 0;\nfor (i=1; i<=SubscriberForm.pf_CounterMailinglists.value; i++) { var checkBoxName = \"pf_MailinglistName\" + i; if (document.getElementsByName(checkBoxName)[0].checked || document.getElementsByName(checkBoxName)[0].type == \"hidden\") counter++; } if (counter == 0) { alert(\"En eller flera e-postlistor kr\u00e4vs f\u00f6r detta formul\u00e4r.\"); return false; } }\n\/\/ ]]><\/script><\/p>\n<form style=\"text-align: left; font-family: arial, sans-serif; font-size: 12pt;\" action=\"http:\/\/www.anpdm.com\/public\/process-subscription-form.aspx?formId=47465D47724041514671\" method=\"post\" name=\"SubscriberForm\">\n<table cellspacing=\"0\" cellpadding=\"2\">\n<tbody>\n<tr>\n<td><b>Anm\u00e4lan till Nyhetsbrev &#8211; Ulf Sundin Revisionsbyr\u00e5 AB<\/b><\/td>\n<\/tr>\n<tr>\n<td>Namn<br \/>\n<input name=\"pf_SubscriberName\" size=\"30\" type=\"text\" value=\"\" \/><\/td>\n<\/tr>\n<tr>\n<td>E-postadress<br \/>\n<input name=\"pf_Email\" size=\"30\" type=\"text\" value=\"\" \/><\/td>\n<\/tr>\n<tr>\n<td><\/td>\n<\/tr>\n<tr>\n<td><select style=\"display: none;\" name=\"pf_DeliveryFormat\"><option selected=\"selected\" value=\"HTML\">HTML<\/option><option value=\"Text\">Text<\/option><\/select><\/td>\n<\/tr>\n<tr>\n<td><input style=\"display: none;\" name=\"pf_Demographicfield3\" size=\"30\" type=\"text\" value=\"143042\" \/><\/td>\n<\/tr>\n<tr>\n<td><input name=\"Submit\" type=\"submit\" value=\"Prenumerera\" \/><\/td>\n<\/tr>\n<tr>\n<td><!-- \u00c4ndra inte namn eller typ p\u00e5 Skicka-knappen. F\u00f6r att \u00e4ndra den synliga texten, \u00e4ndra ist\u00e4llet texten f\u00f6r \\ &quot;v\u00e4rde \\&quot; --><br \/>\n<input name=\"pf_FormType\" type=\"hidden\" value=\"OptInForm\" \/><br \/>\n<input name=\"pf_OptInMethod\" type=\"hidden\" value=\"SingleOptInMethod\" \/><br \/>\n<input name=\"pf_CounterDemogrFields\" type=\"hidden\" value=\"1\" \/><br \/>\n<input name=\"pf_CounterMailinglists\" type=\"hidden\" value=\"1\" \/><br \/>\n<input name=\"pf_AccountId\" type=\"hidden\" value=\"17448\" \/><br \/>\n<input name=\"pf_ListById\" type=\"hidden\" value=\"1\" \/><br \/>\n<input name=\"pf_Version\" type=\"hidden\" value=\"2\" \/><br \/>\n<input name=\"pf_MailinglistName1\" type=\"hidden\" value=\"812400\" \/><\/td>\n<\/tr>\n<\/tbody>\n<\/table>\n<\/form>\n","protected":false},"excerpt":{"rendered":"<p>Ulf Sundin Ulf Sundin Revisionsbyr\u00e5 AB Hospitalstorget 2 A 582 27 Link\u00f6ping Tel: +46 (0)13 480 07 00 info@sundinrevision.se Mobil: +46 (0)709 32 31 49 Anm\u00e4lan till Nyhetsbrev &#8211; Ulf Sundin Revisionsbyr\u00e5 AB Namn E-postadress HTMLText<\/p>\n","protected":false},"author":1,"featured_media":43,"parent":0,"menu_order":4,"comment_status":"closed","ping_status":"closed","template":"","meta":{"footnotes":""},"class_list":["post-46","page","type-page","status-publish","has-post-thumbnail","hentry"],"_links":{"self":[{"href":"https:\/\/www.sundinrevision.se\/index.php?rest_route=\/wp\/v2\/pages\/46","targetHints":{"allow":["GET"]}}],"collection":[{"href":"https:\/\/www.sundinrevision.se\/index.php?rest_route=\/wp\/v2\/pages"}],"about":[{"href":"https:\/\/www.sundinrevision.se\/index.php?rest_route=\/wp\/v2\/types\/page"}],"author":[{"embeddable":true,"href":"https:\/\/www.sundinrevision.se\/index.php?rest_route=\/wp\/v2\/users\/1"}],"replies":[{"embeddable":true,"href":"https:\/\/www.sundinrevision.se\/index.php?rest_route=%2Fwp%2Fv2%2Fcomments&post=46"}],"version-history":[{"count":9,"href":"https:\/\/www.sundinrevision.se\/index.php?rest_route=\/wp\/v2\/pages\/46\/revisions"}],"predecessor-version":[{"id":187,"href":"https:\/\/www.sundinrevision.se\/index.php?rest_route=\/wp\/v2\/pages\/46\/revisions\/187"}],"wp:featuredmedia":[{"embeddable":true,"href":"https:\/\/www.sundinrevision.se\/index.php?rest_route=\/wp\/v2\/media\/43"}],"wp:attachment":[{"href":"https:\/\/www.sundinrevision.se\/index.php?rest_route=%2Fwp%2Fv2%2Fmedia&parent=46"}],"curies":[{"name":"wp","href":"https:\/\/api.w.org\/{rel}","templated":true}]}}